{"id":5,"date":"2022-01-17T15:14:20","date_gmt":"2022-01-17T14:14:20","guid":{"rendered":"https:\/\/www.jhermann.digital\/?page_id=5"},"modified":"2026-03-19T14:38:02","modified_gmt":"2026-03-19T13:38:02","slug":"startseite","status":"publish","type":"page","link":"https:\/\/www.jhermann.digital\/","title":{"rendered":""},"content":{"rendered":"\n<h1 class=\"wp-block-heading has-text-align-center\">Willkommen auf meiner Webseite<\/h1>\n\n\n\n<figure class=\"wp-block-image aligncenter size-full is-resized has-custom-border is-style-default wp-duotone-blue-orange\"><img loading=\"lazy\" decoding=\"async\" width=\"520\" height=\"520\" src=\"https:\/\/www.jhermann.digital\/wp-content\/uploads\/2023\/11\/jannis.png\" alt=\"\" class=\"wp-image-403\" style=\"border-style:none;border-width:0px;border-radius:0px;width:120px;height:auto\" srcset=\"https:\/\/www.jhermann.digital\/wp-content\/uploads\/2023\/11\/jannis.png 520w, https:\/\/www.jhermann.digital\/wp-content\/uploads\/2023\/11\/jannis-300x300.png 300w, https:\/\/www.jhermann.digital\/wp-content\/uploads\/2023\/11\/jannis-150x150.png 150w\" sizes=\"auto, (max-width: 520px) 100vw, 520px\" \/><\/figure>\n\n\n\n<p class=\"has-text-align-wide has-gigantic-font-size\">Mein Name ist Jannis Hermann. Als <em>Medienp\u00e4dagoge <\/em>faszinieren mich (insbesondere informelle) Bildungskontexte im Kontext digitaler Medien und Technologien. Durch kreative und explorative Ans\u00e4tze ergeben sich ganz neue (medienp\u00e4dagogische) M\u00f6glichkeiten, um in der Praxis zu arbeiten.<\/p>\n\n\n\n<p>Meine Schwerpunkte bewegen sich zwischen <em>(Medien-)Bildung, Maker Education<\/em>, <em>K\u00fcnstliche Intelligenz <\/em>und <em>Digital Game Studies<\/em>.<\/p>\n\n\n\n<p>Hier finden Sie Informationen zu meiner Person, meinen Projekten, wissenschaftlichen Publikationen sowie weiteren beruflichen und pers\u00f6nlichen Interessen.<\/p>\n\n\n\n<div style=\"height:25px\" aria-hidden=\"true\" class=\"wp-block-spacer\"><\/div>\n\n\n\n<div class=\"wp-block-columns alignwide are-vertically-aligned-top is-layout-flex wp-container-core-columns-is-layout-28f84493 wp-block-columns-is-layout-flex\">\n<div class=\"wp-block-column is-vertically-aligned-top is-layout-flow wp-block-column-is-layout-flow\">\n<div class=\"wp-block-buttons is-layout-flex wp-block-buttons-is-layout-flex\">\n<div class=\"wp-block-button\"><a class=\"wp-block-button__link wp-element-button\" href=\"https:\/\/www.jhermann.digital\/index.php\/vita\/\">Vita<\/a><\/div>\n<\/div>\n\n\n\n<p>Mein beruflicher Werdegang im \u00dcberblick \u2013 von der Ausbildung bis zu meinen aktuellen T\u00e4tigkeitsfeldern<\/p>\n<\/div>\n\n\n\n<div class=\"wp-block-column is-vertically-aligned-top is-layout-flow wp-block-column-is-layout-flow\">\n<div class=\"wp-block-buttons is-layout-flex wp-block-buttons-is-layout-flex\">\n<div class=\"wp-block-button\"><a class=\"wp-block-button__link wp-element-button\" href=\"https:\/\/www.jhermann.digital\/index.php\/projekte\/\">Projekte<\/a><\/div>\n<\/div>\n\n\n\n<p>Eine Auswahl meiner Arbeiten in den Bereichen <a data-type=\"page\" data-id=\"153\" href=\"https:\/\/www.jhermann.digital\/index.php\/projekte\/creative-coding\/\">Creative Coding<\/a>, <a data-type=\"page\" data-id=\"149\" href=\"https:\/\/www.jhermann.digital\/index.php\/projekte\/medienpaedagogik-und-medienbildung\/\">Medienp\u00e4dagogik<\/a> und <a data-type=\"page\" data-id=\"236\" href=\"https:\/\/www.jhermann.digital\/index.php\/projekte\/maker-projekte\/\">Making<\/a>.<\/p>\n<\/div>\n\n\n\n<div class=\"wp-block-column is-vertically-aligned-top is-layout-flow wp-block-column-is-layout-flow\">\n<div class=\"wp-block-buttons is-layout-flex wp-block-buttons-is-layout-flex\">\n<div class=\"wp-block-button\"><a class=\"wp-block-button__link wp-element-button\" href=\"https:\/\/www.jhermann.digital\/index.php\/work\/\">Work<\/a><\/div>\n<\/div>\n\n\n\n<p>Meine beruflichen T\u00e4tigkeiten und Ver\u00f6ffentlichungen aus verschiedenen Gebieten.<\/p>\n<\/div>\n<\/div>\n\n\n\n<div style=\"height:0\" aria-hidden=\"true\" class=\"wp-block-spacer\"><\/div>\n\n\n\n<p><\/p>\n","protected":false},"excerpt":{"rendered":"<p>Willkommen auf meiner Webseite Mein Name ist Jannis Hermann. Als Medienp\u00e4dagoge faszinieren mich (insbesondere informelle) Bildungskontexte im Kontext digitaler Medien und Technologien. Durch kreative und explorative Ans\u00e4tze ergeben sich ganz neue (medienp\u00e4dagogische) M\u00f6glichkeiten, um in der Praxis zu arbeiten. Meine Schwerpunkte bewegen sich zwischen (Medien-)Bildung, Maker Education, K\u00fcnstliche Intelligenz und Digital Game Studies. Hier finden [&hellip;]<\/p>\n","protected":false},"author":1,"featured_media":0,"parent":0,"menu_order":0,"comment_status":"closed","ping_status":"closed","template":"","meta":{"_coblocks_attr":"","_coblocks_dimensions":"","_coblocks_responsive_height":"","_coblocks_accordion_ie_support":"","footnotes":""},"class_list":["post-5","page","type-page","status-publish","hentry"],"yoast_head":"<!-- This site is optimized with the Yoast SEO plugin v26.1.1 - https:\/\/yoast.com\/wordpress\/plugins\/seo\/ -->\n<title>- Jannis Hermann<\/title>\n<meta name=\"robots\" content=\"index, follow, max-snippet:-1, max-image-preview:large, max-video-preview:-1\" \/>\n<link rel=\"canonical\" href=\"https:\/\/www.jhermann.digital\/\" \/>\n<meta property=\"og:locale\" content=\"de_DE\" \/>\n<meta property=\"og:type\" content=\"article\" \/>\n<meta property=\"og:title\" content=\"- Jannis Hermann\" \/>\n<meta property=\"og:description\" content=\"Willkommen auf meiner Webseite Mein Name ist Jannis Hermann. Als Medienp\u00e4dagoge faszinieren mich (insbesondere informelle) Bildungskontexte im Kontext digitaler Medien und Technologien. Durch kreative und explorative Ans\u00e4tze ergeben sich ganz neue (medienp\u00e4dagogische) M\u00f6glichkeiten, um in der Praxis zu arbeiten. Meine Schwerpunkte bewegen sich zwischen (Medien-)Bildung, Maker Education, K\u00fcnstliche Intelligenz und Digital Game Studies. Hier finden [&hellip;]\" \/>\n<meta property=\"og:url\" content=\"https:\/\/www.jhermann.digital\/\" \/>\n<meta property=\"og:site_name\" content=\"Jannis Hermann\" \/>\n<meta property=\"article:modified_time\" content=\"2026-03-19T13:38:02+00:00\" \/>\n<meta property=\"og:image\" content=\"https:\/\/www.jhermann.digital\/wp-content\/uploads\/2023\/11\/jannis.png\" \/>\n\t<meta property=\"og:image:width\" content=\"520\" \/>\n\t<meta property=\"og:image:height\" content=\"520\" \/>\n\t<meta property=\"og:image:type\" content=\"image\/png\" \/>\n<meta name=\"twitter:card\" content=\"summary_large_image\" \/>\n<meta name=\"twitter:label1\" content=\"Gesch\u00e4tzte Lesezeit\" \/>\n\t<meta name=\"twitter:data1\" content=\"1\u00a0Minute\" \/>\n<script type=\"application\/ld+json\" class=\"yoast-schema-graph\">{\"@context\":\"https:\/\/schema.org\",\"@graph\":[{\"@type\":\"WebPage\",\"@id\":\"https:\/\/www.jhermann.digital\/\",\"url\":\"https:\/\/www.jhermann.digital\/\",\"name\":\"- Jannis Hermann\",\"isPartOf\":{\"@id\":\"https:\/\/www.jhermann.digital\/#website\"},\"primaryImageOfPage\":{\"@id\":\"https:\/\/www.jhermann.digital\/#primaryimage\"},\"image\":{\"@id\":\"https:\/\/www.jhermann.digital\/#primaryimage\"},\"thumbnailUrl\":\"https:\/\/www.jhermann.digital\/wp-content\/uploads\/2023\/11\/jannis.png\",\"datePublished\":\"2022-01-17T14:14:20+00:00\",\"dateModified\":\"2026-03-19T13:38:02+00:00\",\"inLanguage\":\"de\",\"potentialAction\":[{\"@type\":\"ReadAction\",\"target\":[\"https:\/\/www.jhermann.digital\/\"]}]},{\"@type\":\"ImageObject\",\"inLanguage\":\"de\",\"@id\":\"https:\/\/www.jhermann.digital\/#primaryimage\",\"url\":\"https:\/\/www.jhermann.digital\/wp-content\/uploads\/2023\/11\/jannis.png\",\"contentUrl\":\"https:\/\/www.jhermann.digital\/wp-content\/uploads\/2023\/11\/jannis.png\",\"width\":520,\"height\":520},{\"@type\":\"WebSite\",\"@id\":\"https:\/\/www.jhermann.digital\/#website\",\"url\":\"https:\/\/www.jhermann.digital\/\",\"name\":\"Jannis Hermann\",\"description\":\"Digital Sandbox\",\"potentialAction\":[{\"@type\":\"SearchAction\",\"target\":{\"@type\":\"EntryPoint\",\"urlTemplate\":\"https:\/\/www.jhermann.digital\/?s={search_term_string}\"},\"query-input\":{\"@type\":\"PropertyValueSpecification\",\"valueRequired\":true,\"valueName\":\"search_term_string\"}}],\"inLanguage\":\"de\"}]}<\/script>\n<!-- \/ Yoast SEO plugin. -->","yoast_head_json":{"title":"- Jannis Hermann","robots":{"index":"index","follow":"follow","max-snippet":"max-snippet:-1","max-image-preview":"max-image-preview:large","max-video-preview":"max-video-preview:-1"},"canonical":"https:\/\/www.jhermann.digital\/","og_locale":"de_DE","og_type":"article","og_title":"- Jannis Hermann","og_description":"Willkommen auf meiner Webseite Mein Name ist Jannis Hermann. Als Medienp\u00e4dagoge faszinieren mich (insbesondere informelle) Bildungskontexte im Kontext digitaler Medien und Technologien. Durch kreative und explorative Ans\u00e4tze ergeben sich ganz neue (medienp\u00e4dagogische) M\u00f6glichkeiten, um in der Praxis zu arbeiten. Meine Schwerpunkte bewegen sich zwischen (Medien-)Bildung, Maker Education, K\u00fcnstliche Intelligenz und Digital Game Studies. Hier finden [&hellip;]","og_url":"https:\/\/www.jhermann.digital\/","og_site_name":"Jannis Hermann","article_modified_time":"2026-03-19T13:38:02+00:00","og_image":[{"width":520,"height":520,"url":"https:\/\/www.jhermann.digital\/wp-content\/uploads\/2023\/11\/jannis.png","type":"image\/png"}],"twitter_card":"summary_large_image","twitter_misc":{"Gesch\u00e4tzte Lesezeit":"1\u00a0Minute"},"schema":{"@context":"https:\/\/schema.org","@graph":[{"@type":"WebPage","@id":"https:\/\/www.jhermann.digital\/","url":"https:\/\/www.jhermann.digital\/","name":"- Jannis Hermann","isPartOf":{"@id":"https:\/\/www.jhermann.digital\/#website"},"primaryImageOfPage":{"@id":"https:\/\/www.jhermann.digital\/#primaryimage"},"image":{"@id":"https:\/\/www.jhermann.digital\/#primaryimage"},"thumbnailUrl":"https:\/\/www.jhermann.digital\/wp-content\/uploads\/2023\/11\/jannis.png","datePublished":"2022-01-17T14:14:20+00:00","dateModified":"2026-03-19T13:38:02+00:00","inLanguage":"de","potentialAction":[{"@type":"ReadAction","target":["https:\/\/www.jhermann.digital\/"]}]},{"@type":"ImageObject","inLanguage":"de","@id":"https:\/\/www.jhermann.digital\/#primaryimage","url":"https:\/\/www.jhermann.digital\/wp-content\/uploads\/2023\/11\/jannis.png","contentUrl":"https:\/\/www.jhermann.digital\/wp-content\/uploads\/2023\/11\/jannis.png","width":520,"height":520},{"@type":"WebSite","@id":"https:\/\/www.jhermann.digital\/#website","url":"https:\/\/www.jhermann.digital\/","name":"Jannis Hermann","description":"Digital Sandbox","potentialAction":[{"@type":"SearchAction","target":{"@type":"EntryPoint","urlTemplate":"https:\/\/www.jhermann.digital\/?s={search_term_string}"},"query-input":{"@type":"PropertyValueSpecification","valueRequired":true,"valueName":"search_term_string"}}],"inLanguage":"de"}]}},"_links":{"self":[{"href":"https:\/\/www.jhermann.digital\/index.php\/wp-json\/wp\/v2\/pages\/5","targetHints":{"allow":["GET"]}}],"collection":[{"href":"https:\/\/www.jhermann.digital\/index.php\/wp-json\/wp\/v2\/pages"}],"about":[{"href":"https:\/\/www.jhermann.digital\/index.php\/wp-json\/wp\/v2\/types\/page"}],"author":[{"embeddable":true,"href":"https:\/\/www.jhermann.digital\/index.php\/wp-json\/wp\/v2\/users\/1"}],"replies":[{"embeddable":true,"href":"https:\/\/www.jhermann.digital\/index.php\/wp-json\/wp\/v2\/comments?post=5"}],"version-history":[{"count":121,"href":"https:\/\/www.jhermann.digital\/index.php\/wp-json\/wp\/v2\/pages\/5\/revisions"}],"predecessor-version":[{"id":885,"href":"https:\/\/www.jhermann.digital\/index.php\/wp-json\/wp\/v2\/pages\/5\/revisions\/885"}],"wp:attachment":[{"href":"https:\/\/www.jhermann.digital\/index.php\/wp-json\/wp\/v2\/media?parent=5"}],"curies":[{"name":"wp","href":"https:\/\/api.w.org\/{rel}","templated":true}]}}