{"id":236,"date":"2023-10-22T12:08:00","date_gmt":"2023-10-22T10:08:00","guid":{"rendered":"https:\/\/www.jhermann.digital\/?page_id=236"},"modified":"2024-11-29T17:00:51","modified_gmt":"2024-11-29T16:00:51","slug":"maker-projekte","status":"publish","type":"page","link":"https:\/\/www.jhermann.digital\/index.php\/projekte\/maker-projekte\/","title":{"rendered":"Maker Projekte"},"content":{"rendered":"\n<div class=\"wp-block-group has-global-padding is-layout-constrained wp-block-group-is-layout-constrained\">\n<div class=\"wp-block-columns is-layout-flex wp-container-core-columns-is-layout-28f84493 wp-block-columns-is-layout-flex\">\n<div class=\"wp-block-column is-layout-flow wp-block-column-is-layout-flow\" style=\"flex-basis:100%\">\n<div class=\"wp-block-group has-global-padding is-layout-constrained wp-block-group-is-layout-constrained\">\n<p><strong>3D-Druck<\/strong><\/p>\n\n\n\n<p>Seit meiner <a data-type=\"page\" data-id=\"100\" href=\"https:\/\/www.jhermann.digital\/index.php\/vita\/\">T\u00e4tigkeit im Medienlabor<\/a> im Jahr 2019 habe ich mich intensiv mit den vielf\u00e4ltigen M\u00f6glichkeiten des 3D-Druck besch\u00e4ftigt, insbesondere hinsichtlich kreativer Ausdrucksformen und in Form von Maker-Projekten. In den vergangenen Jahren habe ich viel mit dieser Form digitaler Fabrikation experimentiert, dabei auch KI-Technologien integriert (z.B. GAN-basierte Erstellung von 3D-Modellen, siehe Foto mit Miniatur St\u00fchlen). Als Br\u00fccke zwischen digitaler und materiell-erfahrbarer Welt k\u00f6nnen Ideen materialisiert, mithilfe digitaler Ausdrucksmittel realisiert werden. Insbesondere die M\u00f6glichkeiten generativer Gestaltung (z.B. mit geometry nodes in Blender) und die sich stetig weiter entwickelnden M\u00f6glichkeiten mit generativer KI motivieren mich enorm, diese Potenziale auszusch\u00f6pfen.<\/p>\n\n\n\n<div aria-label=\"Offset Gallery\" class=\"wp-block-coblocks-gallery-offset alignfull\"><ul class=\"coblocks-gallery has-caption-style-dark has-small-images has-small-gutter\"><li class=\"coblocks-gallery--item\"><figure class=\"wp-block-coblocks-gallery-offset__figure\"><a href=\"https:\/\/www.jhermann.digital\/wp-content\/uploads\/2023\/11\/PXL_20230121_070720668-576x1024.jpg\" rel=\"\"><img loading=\"lazy\" decoding=\"async\" width=\"576\" height=\"1024\" src=\"https:\/\/www.jhermann.digital\/wp-content\/uploads\/2023\/11\/PXL_20230121_070720668-576x1024.jpg\" alt=\"\" data-id=\"446\" data-imglink=\"\" data-link=\"https:\/\/www.jhermann.digital\/index.php\/projekte\/maker-projekte\/pxl_20230121_070720668\/\" class=\"wp-image-446\" srcset=\"https:\/\/www.jhermann.digital\/wp-content\/uploads\/2023\/11\/PXL_20230121_070720668-576x1024.jpg 576w, https:\/\/www.jhermann.digital\/wp-content\/uploads\/2023\/11\/PXL_20230121_070720668-169x300.jpg 169w, https:\/\/www.jhermann.digital\/wp-content\/uploads\/2023\/11\/PXL_20230121_070720668-768x1365.jpg 768w, https:\/\/www.jhermann.digital\/wp-content\/uploads\/2023\/11\/PXL_20230121_070720668-864x1536.jpg 864w, https:\/\/www.jhermann.digital\/wp-content\/uploads\/2023\/11\/PXL_20230121_070720668-1152x2048.jpg 1152w, https:\/\/www.jhermann.digital\/wp-content\/uploads\/2023\/11\/PXL_20230121_070720668-scaled.jpg 1440w\" sizes=\"auto, (max-width: 576px) 100vw, 576px\" \/><\/a><\/figure><\/li><li class=\"coblocks-gallery--item\"><figure class=\"wp-block-coblocks-gallery-offset__figure\"><a href=\"https:\/\/www.jhermann.digital\/wp-content\/uploads\/2023\/11\/photo_2023-11-11_14-00-35-2-576x1024.jpg\" rel=\"\"><img loading=\"lazy\" decoding=\"async\" width=\"576\" height=\"1024\" src=\"https:\/\/www.jhermann.digital\/wp-content\/uploads\/2023\/11\/photo_2023-11-11_14-00-35-2-576x1024.jpg\" alt=\"\" data-id=\"451\" data-imglink=\"\" data-link=\"https:\/\/www.jhermann.digital\/index.php\/projekte\/maker-projekte\/photo_2023-11-11_14-00-35-2\/\" class=\"wp-image-451\" srcset=\"https:\/\/www.jhermann.digital\/wp-content\/uploads\/2023\/11\/photo_2023-11-11_14-00-35-2-576x1024.jpg 576w, https:\/\/www.jhermann.digital\/wp-content\/uploads\/2023\/11\/photo_2023-11-11_14-00-35-2-169x300.jpg 169w, https:\/\/www.jhermann.digital\/wp-content\/uploads\/2023\/11\/photo_2023-11-11_14-00-35-2.jpg 720w\" sizes=\"auto, (max-width: 576px) 100vw, 576px\" \/><\/a><\/figure><\/li><li class=\"coblocks-gallery--item\"><figure class=\"wp-block-coblocks-gallery-offset__figure\"><a href=\"https:\/\/www.jhermann.digital\/wp-content\/uploads\/2023\/11\/photo_2023-11-11_14-00-35-3-1024x576.jpg\" rel=\"\"><img loading=\"lazy\" decoding=\"async\" width=\"1024\" height=\"576\" src=\"https:\/\/www.jhermann.digital\/wp-content\/uploads\/2023\/11\/photo_2023-11-11_14-00-35-3-1024x576.jpg\" alt=\"\" data-id=\"450\" data-imglink=\"\" data-link=\"https:\/\/www.jhermann.digital\/index.php\/projekte\/maker-projekte\/photo_2023-11-11_14-00-35-3\/\" class=\"wp-image-450\" srcset=\"https:\/\/www.jhermann.digital\/wp-content\/uploads\/2023\/11\/photo_2023-11-11_14-00-35-3-1024x576.jpg 1024w, https:\/\/www.jhermann.digital\/wp-content\/uploads\/2023\/11\/photo_2023-11-11_14-00-35-3-300x169.jpg 300w, https:\/\/www.jhermann.digital\/wp-content\/uploads\/2023\/11\/photo_2023-11-11_14-00-35-3-768x432.jpg 768w, https:\/\/www.jhermann.digital\/wp-content\/uploads\/2023\/11\/photo_2023-11-11_14-00-35-3.jpg 1280w\" sizes=\"auto, (max-width: 1024px) 100vw, 1024px\" \/><\/a><\/figure><\/li><li class=\"coblocks-gallery--item\"><figure class=\"wp-block-coblocks-gallery-offset__figure\"><a href=\"https:\/\/www.jhermann.digital\/wp-content\/uploads\/2023\/11\/X-LAB-SDL-1024x576.jpg\" rel=\"\"><img loading=\"lazy\" decoding=\"async\" width=\"1024\" height=\"576\" src=\"https:\/\/www.jhermann.digital\/wp-content\/uploads\/2023\/11\/X-LAB-SDL-1024x576.jpg\" alt=\"\" data-id=\"453\" data-imglink=\"\" data-link=\"https:\/\/www.jhermann.digital\/index.php\/projekte\/maker-projekte\/x-lab-sdl\/\" class=\"wp-image-453\" srcset=\"https:\/\/www.jhermann.digital\/wp-content\/uploads\/2023\/11\/X-LAB-SDL-1024x576.jpg 1024w, https:\/\/www.jhermann.digital\/wp-content\/uploads\/2023\/11\/X-LAB-SDL-300x169.jpg 300w, https:\/\/www.jhermann.digital\/wp-content\/uploads\/2023\/11\/X-LAB-SDL-768x432.jpg 768w, https:\/\/www.jhermann.digital\/wp-content\/uploads\/2023\/11\/X-LAB-SDL-1536x864.jpg 1536w, https:\/\/www.jhermann.digital\/wp-content\/uploads\/2023\/11\/X-LAB-SDL.jpg 1920w\" sizes=\"auto, (max-width: 1024px) 100vw, 1024px\" \/><\/a><\/figure><\/li><li class=\"coblocks-gallery--item\"><figure class=\"wp-block-coblocks-gallery-offset__figure\"><a href=\"https:\/\/www.jhermann.digital\/wp-content\/uploads\/2023\/11\/photo_2023-11-11_14-00-35-4-1024x576.jpg\" rel=\"\"><img loading=\"lazy\" decoding=\"async\" width=\"1024\" height=\"576\" src=\"https:\/\/www.jhermann.digital\/wp-content\/uploads\/2023\/11\/photo_2023-11-11_14-00-35-4-1024x576.jpg\" alt=\"\" data-id=\"449\" data-imglink=\"\" data-link=\"https:\/\/www.jhermann.digital\/index.php\/projekte\/maker-projekte\/photo_2023-11-11_14-00-35-4\/\" class=\"wp-image-449\" srcset=\"https:\/\/www.jhermann.digital\/wp-content\/uploads\/2023\/11\/photo_2023-11-11_14-00-35-4-1024x576.jpg 1024w, https:\/\/www.jhermann.digital\/wp-content\/uploads\/2023\/11\/photo_2023-11-11_14-00-35-4-300x169.jpg 300w, https:\/\/www.jhermann.digital\/wp-content\/uploads\/2023\/11\/photo_2023-11-11_14-00-35-4-768x432.jpg 768w, https:\/\/www.jhermann.digital\/wp-content\/uploads\/2023\/11\/photo_2023-11-11_14-00-35-4.jpg 1280w\" sizes=\"auto, (max-width: 1024px) 100vw, 1024px\" \/><\/a><\/figure><\/li><li class=\"coblocks-gallery--item\"><figure class=\"wp-block-coblocks-gallery-offset__figure\"><a href=\"https:\/\/www.jhermann.digital\/wp-content\/uploads\/2023\/11\/PXL_20230907_121037007-576x1024.jpg\" rel=\"\"><img loading=\"lazy\" decoding=\"async\" width=\"576\" height=\"1024\" src=\"https:\/\/www.jhermann.digital\/wp-content\/uploads\/2023\/11\/PXL_20230907_121037007-576x1024.jpg\" alt=\"\" data-id=\"447\" data-imglink=\"\" data-link=\"https:\/\/www.jhermann.digital\/index.php\/projekte\/maker-projekte\/pxl_20230907_121037007\/\" class=\"wp-image-447\" srcset=\"https:\/\/www.jhermann.digital\/wp-content\/uploads\/2023\/11\/PXL_20230907_121037007-576x1024.jpg 576w, https:\/\/www.jhermann.digital\/wp-content\/uploads\/2023\/11\/PXL_20230907_121037007-169x300.jpg 169w, https:\/\/www.jhermann.digital\/wp-content\/uploads\/2023\/11\/PXL_20230907_121037007-768x1365.jpg 768w, https:\/\/www.jhermann.digital\/wp-content\/uploads\/2023\/11\/PXL_20230907_121037007-864x1536.jpg 864w, https:\/\/www.jhermann.digital\/wp-content\/uploads\/2023\/11\/PXL_20230907_121037007-1152x2048.jpg 1152w, https:\/\/www.jhermann.digital\/wp-content\/uploads\/2023\/11\/PXL_20230907_121037007-scaled.jpg 1440w\" sizes=\"auto, (max-width: 576px) 100vw, 576px\" \/><\/a><\/figure><\/li><li class=\"coblocks-gallery--item\"><figure class=\"wp-block-coblocks-gallery-offset__figure\"><a href=\"https:\/\/www.jhermann.digital\/wp-content\/uploads\/2024\/11\/large_display_7c8977ff-53fa-49cf-8f80-f1bd9aaefccf.jpg\" rel=\"\"><img loading=\"lazy\" decoding=\"async\" width=\"576\" height=\"1024\" src=\"https:\/\/www.jhermann.digital\/wp-content\/uploads\/2024\/11\/large_display_7c8977ff-53fa-49cf-8f80-f1bd9aaefccf.jpg\" alt=\"\" data-id=\"650\" data-imglink=\"\" data-link=\"https:\/\/www.jhermann.digital\/index.php\/projekte\/maker-projekte\/large_display_7c8977ff-53fa-49cf-8f80-f1bd9aaefccf\/\" class=\"wp-image-650\" srcset=\"https:\/\/www.jhermann.digital\/wp-content\/uploads\/2024\/11\/large_display_7c8977ff-53fa-49cf-8f80-f1bd9aaefccf.jpg 576w, https:\/\/www.jhermann.digital\/wp-content\/uploads\/2024\/11\/large_display_7c8977ff-53fa-49cf-8f80-f1bd9aaefccf-169x300.jpg 169w\" sizes=\"auto, (max-width: 576px) 100vw, 576px\" \/><\/a><\/figure><\/li><li class=\"coblocks-gallery--item\"><figure class=\"wp-block-coblocks-gallery-offset__figure\"><a href=\"https:\/\/www.jhermann.digital\/wp-content\/uploads\/2024\/11\/large_display_79b2d291-aa2c-476e-a92b-f3a2dee5184f.webp\" rel=\"\"><img loading=\"lazy\" decoding=\"async\" width=\"1024\" height=\"576\" src=\"https:\/\/www.jhermann.digital\/wp-content\/uploads\/2024\/11\/large_display_79b2d291-aa2c-476e-a92b-f3a2dee5184f.webp\" alt=\"\" data-id=\"649\" data-imglink=\"\" data-link=\"https:\/\/www.jhermann.digital\/index.php\/projekte\/maker-projekte\/large_display_79b2d291-aa2c-476e-a92b-f3a2dee5184f\/\" class=\"wp-image-649\" srcset=\"https:\/\/www.jhermann.digital\/wp-content\/uploads\/2024\/11\/large_display_79b2d291-aa2c-476e-a92b-f3a2dee5184f.webp 1024w, https:\/\/www.jhermann.digital\/wp-content\/uploads\/2024\/11\/large_display_79b2d291-aa2c-476e-a92b-f3a2dee5184f-300x169.webp 300w, https:\/\/www.jhermann.digital\/wp-content\/uploads\/2024\/11\/large_display_79b2d291-aa2c-476e-a92b-f3a2dee5184f-768x432.webp 768w\" sizes=\"auto, (max-width: 1024px) 100vw, 1024px\" \/><\/a><\/figure><\/li><\/ul><\/div>\n\n\n\n<div style=\"height:25px\" aria-hidden=\"true\" class=\"wp-block-spacer\"><\/div>\n\n\n\n<h2 class=\"wp-block-heading\">Mobile Objekterkennung auf dem Raspberry PI<\/h2>\n\n\n\n<p>In einem Seminar im Jahr 2020 habe ich in meinem Masterstudium ein Maker-Projekt gemacht, wobei ich es mir zum Ziel gemacht habe, ein Mal selbst eine auf maschinellem Lernen basierte Objekterkennung auf einem Raspberry Pi zu installieren. Nach einer l\u00e4ngeren Einarbeitungsphase habe ich nach und nach die einzelnen Komponenten des Projekts erprobt, optimiert und am Ende auch eine H\u00fclle 3D-modelliert, die Platz f\u00fcr den Raspberry Pi, den Bildschirm, die Kamera sowie eine Powerbank geboten hat. <\/p>\n\n\n\n<div aria-label=\"Collage Gallery\" class=\"wp-block-coblocks-gallery-collage alignwide has-small-gutter\"><ul><li class=\"wp-block-coblocks-gallery-collage__item item-1\"><figure class=\"wp-block-coblocks-gallery-collage__figure\"><a href=\"https:\/\/www.jhermann.digital\/wp-content\/uploads\/2023\/11\/raspi_2.png\" rel=\"\"><img loading=\"lazy\" decoding=\"async\" width=\"646\" height=\"514\" alt=\"Gallery Image\" class=\"wp-image-394\" data-id=\"394\" data-imglink=\"\" data-index=\"0\" src=\"https:\/\/www.jhermann.digital\/wp-content\/uploads\/2023\/11\/raspi_2.png\" srcset=\"https:\/\/www.jhermann.digital\/wp-content\/uploads\/2023\/11\/raspi_2.png 646w, https:\/\/www.jhermann.digital\/wp-content\/uploads\/2023\/11\/raspi_2-300x239.png 300w\" sizes=\"auto, (max-width: 646px) 100vw, 646px\" \/><\/a><\/figure><\/li><li class=\"wp-block-coblocks-gallery-collage__item item-2\"><figure class=\"wp-block-coblocks-gallery-collage__figure\"><a href=\"https:\/\/www.jhermann.digital\/wp-content\/uploads\/2023\/11\/raspi_1.png\" rel=\"\"><img loading=\"lazy\" decoding=\"async\" width=\"645\" height=\"514\" alt=\"Gallery Image\" class=\"wp-image-395\" data-id=\"395\" data-imglink=\"\" data-index=\"1\" src=\"https:\/\/www.jhermann.digital\/wp-content\/uploads\/2023\/11\/raspi_1.png\" srcset=\"https:\/\/www.jhermann.digital\/wp-content\/uploads\/2023\/11\/raspi_1.png 645w, https:\/\/www.jhermann.digital\/wp-content\/uploads\/2023\/11\/raspi_1-300x239.png 300w\" sizes=\"auto, (max-width: 645px) 100vw, 645px\" \/><\/a><\/figure><\/li><\/ul><\/div>\n<\/div>\n<\/div>\n<\/div>\n<\/div>\n","protected":false},"excerpt":{"rendered":"<p>3D-Druck Seit meiner T\u00e4tigkeit im Medienlabor im Jahr 2019 habe ich mich intensiv mit den vielf\u00e4ltigen M\u00f6glichkeiten des 3D-Druck besch\u00e4ftigt, insbesondere hinsichtlich kreativer Ausdrucksformen und in Form von Maker-Projekten. In den vergangenen Jahren habe ich viel mit dieser Form digitaler Fabrikation experimentiert, dabei auch KI-Technologien integriert (z.B. GAN-basierte Erstellung von 3D-Modellen, siehe Foto mit Miniatur [&hellip;]<\/p>\n","protected":false},"author":1,"featured_media":0,"parent":120,"menu_order":0,"comment_status":"closed","ping_status":"closed","template":"","meta":{"_coblocks_attr":"","_coblocks_dimensions":"","_coblocks_responsive_height":"","_coblocks_accordion_ie_support":"","footnotes":""},"class_list":["post-236","page","type-page","status-publish","hentry"],"yoast_head":"<!-- This site is optimized with the Yoast SEO plugin v26.1.1 - https:\/\/yoast.com\/wordpress\/plugins\/seo\/ -->\n<title>Maker Projekte - Jannis Hermann<\/title>\n<meta name=\"robots\" content=\"index, follow, max-snippet:-1, max-image-preview:large, max-video-preview:-1\" \/>\n<link rel=\"canonical\" href=\"https:\/\/www.jhermann.digital\/index.php\/projekte\/maker-projekte\/\" \/>\n<meta property=\"og:locale\" content=\"de_DE\" \/>\n<meta property=\"og:type\" content=\"article\" \/>\n<meta property=\"og:title\" content=\"Maker Projekte - Jannis Hermann\" \/>\n<meta property=\"og:description\" content=\"3D-Druck Seit meiner T\u00e4tigkeit im Medienlabor im Jahr 2019 habe ich mich intensiv mit den vielf\u00e4ltigen M\u00f6glichkeiten des 3D-Druck besch\u00e4ftigt, insbesondere hinsichtlich kreativer Ausdrucksformen und in Form von Maker-Projekten. In den vergangenen Jahren habe ich viel mit dieser Form digitaler Fabrikation experimentiert, dabei auch KI-Technologien integriert (z.B. GAN-basierte Erstellung von 3D-Modellen, siehe Foto mit Miniatur [&hellip;]\" \/>\n<meta property=\"og:url\" content=\"https:\/\/www.jhermann.digital\/index.php\/projekte\/maker-projekte\/\" \/>\n<meta property=\"og:site_name\" content=\"Jannis Hermann\" \/>\n<meta property=\"article:modified_time\" content=\"2024-11-29T16:00:51+00:00\" \/>\n<meta property=\"og:image\" content=\"https:\/\/www.jhermann.digital\/wp-content\/uploads\/2023\/11\/PXL_20230121_070720668-576x1024.jpg\" \/>\n<meta name=\"twitter:card\" content=\"summary_large_image\" \/>\n<meta name=\"twitter:label1\" content=\"Gesch\u00e4tzte Lesezeit\" \/>\n\t<meta name=\"twitter:data1\" content=\"3\u00a0Minuten\" \/>\n<script type=\"application\/ld+json\" class=\"yoast-schema-graph\">{\"@context\":\"https:\/\/schema.org\",\"@graph\":[{\"@type\":\"WebPage\",\"@id\":\"https:\/\/www.jhermann.digital\/index.php\/projekte\/maker-projekte\/\",\"url\":\"https:\/\/www.jhermann.digital\/index.php\/projekte\/maker-projekte\/\",\"name\":\"Maker Projekte - Jannis Hermann\",\"isPartOf\":{\"@id\":\"https:\/\/www.jhermann.digital\/#website\"},\"primaryImageOfPage\":{\"@id\":\"https:\/\/www.jhermann.digital\/index.php\/projekte\/maker-projekte\/#primaryimage\"},\"image\":{\"@id\":\"https:\/\/www.jhermann.digital\/index.php\/projekte\/maker-projekte\/#primaryimage\"},\"thumbnailUrl\":\"https:\/\/www.jhermann.digital\/wp-content\/uploads\/2023\/11\/PXL_20230121_070720668-576x1024.jpg\",\"datePublished\":\"2023-10-22T10:08:00+00:00\",\"dateModified\":\"2024-11-29T16:00:51+00:00\",\"breadcrumb\":{\"@id\":\"https:\/\/www.jhermann.digital\/index.php\/projekte\/maker-projekte\/#breadcrumb\"},\"inLanguage\":\"de\",\"potentialAction\":[{\"@type\":\"ReadAction\",\"target\":[\"https:\/\/www.jhermann.digital\/index.php\/projekte\/maker-projekte\/\"]}]},{\"@type\":\"ImageObject\",\"inLanguage\":\"de\",\"@id\":\"https:\/\/www.jhermann.digital\/index.php\/projekte\/maker-projekte\/#primaryimage\",\"url\":\"https:\/\/www.jhermann.digital\/wp-content\/uploads\/2023\/11\/PXL_20230121_070720668-576x1024.jpg\",\"contentUrl\":\"https:\/\/www.jhermann.digital\/wp-content\/uploads\/2023\/11\/PXL_20230121_070720668-576x1024.jpg\"},{\"@type\":\"BreadcrumbList\",\"@id\":\"https:\/\/www.jhermann.digital\/index.php\/projekte\/maker-projekte\/#breadcrumb\",\"itemListElement\":[{\"@type\":\"ListItem\",\"position\":1,\"name\":\"Startseite\",\"item\":\"https:\/\/www.jhermann.digital\/\"},{\"@type\":\"ListItem\",\"position\":2,\"name\":\"Projekte\",\"item\":\"https:\/\/www.jhermann.digital\/index.php\/projekte\/\"},{\"@type\":\"ListItem\",\"position\":3,\"name\":\"Maker Projekte\"}]},{\"@type\":\"WebSite\",\"@id\":\"https:\/\/www.jhermann.digital\/#website\",\"url\":\"https:\/\/www.jhermann.digital\/\",\"name\":\"Jannis Hermann\",\"description\":\"Digital Sandbox\",\"potentialAction\":[{\"@type\":\"SearchAction\",\"target\":{\"@type\":\"EntryPoint\",\"urlTemplate\":\"https:\/\/www.jhermann.digital\/?s={search_term_string}\"},\"query-input\":{\"@type\":\"PropertyValueSpecification\",\"valueRequired\":true,\"valueName\":\"search_term_string\"}}],\"inLanguage\":\"de\"}]}<\/script>\n<!-- \/ Yoast SEO plugin. -->","yoast_head_json":{"title":"Maker Projekte - Jannis Hermann","robots":{"index":"index","follow":"follow","max-snippet":"max-snippet:-1","max-image-preview":"max-image-preview:large","max-video-preview":"max-video-preview:-1"},"canonical":"https:\/\/www.jhermann.digital\/index.php\/projekte\/maker-projekte\/","og_locale":"de_DE","og_type":"article","og_title":"Maker Projekte - Jannis Hermann","og_description":"3D-Druck Seit meiner T\u00e4tigkeit im Medienlabor im Jahr 2019 habe ich mich intensiv mit den vielf\u00e4ltigen M\u00f6glichkeiten des 3D-Druck besch\u00e4ftigt, insbesondere hinsichtlich kreativer Ausdrucksformen und in Form von Maker-Projekten. In den vergangenen Jahren habe ich viel mit dieser Form digitaler Fabrikation experimentiert, dabei auch KI-Technologien integriert (z.B. GAN-basierte Erstellung von 3D-Modellen, siehe Foto mit Miniatur [&hellip;]","og_url":"https:\/\/www.jhermann.digital\/index.php\/projekte\/maker-projekte\/","og_site_name":"Jannis Hermann","article_modified_time":"2024-11-29T16:00:51+00:00","og_image":[{"url":"https:\/\/www.jhermann.digital\/wp-content\/uploads\/2023\/11\/PXL_20230121_070720668-576x1024.jpg","type":"","width":"","height":""}],"twitter_card":"summary_large_image","twitter_misc":{"Gesch\u00e4tzte Lesezeit":"3\u00a0Minuten"},"schema":{"@context":"https:\/\/schema.org","@graph":[{"@type":"WebPage","@id":"https:\/\/www.jhermann.digital\/index.php\/projekte\/maker-projekte\/","url":"https:\/\/www.jhermann.digital\/index.php\/projekte\/maker-projekte\/","name":"Maker Projekte - Jannis Hermann","isPartOf":{"@id":"https:\/\/www.jhermann.digital\/#website"},"primaryImageOfPage":{"@id":"https:\/\/www.jhermann.digital\/index.php\/projekte\/maker-projekte\/#primaryimage"},"image":{"@id":"https:\/\/www.jhermann.digital\/index.php\/projekte\/maker-projekte\/#primaryimage"},"thumbnailUrl":"https:\/\/www.jhermann.digital\/wp-content\/uploads\/2023\/11\/PXL_20230121_070720668-576x1024.jpg","datePublished":"2023-10-22T10:08:00+00:00","dateModified":"2024-11-29T16:00:51+00:00","breadcrumb":{"@id":"https:\/\/www.jhermann.digital\/index.php\/projekte\/maker-projekte\/#breadcrumb"},"inLanguage":"de","potentialAction":[{"@type":"ReadAction","target":["https:\/\/www.jhermann.digital\/index.php\/projekte\/maker-projekte\/"]}]},{"@type":"ImageObject","inLanguage":"de","@id":"https:\/\/www.jhermann.digital\/index.php\/projekte\/maker-projekte\/#primaryimage","url":"https:\/\/www.jhermann.digital\/wp-content\/uploads\/2023\/11\/PXL_20230121_070720668-576x1024.jpg","contentUrl":"https:\/\/www.jhermann.digital\/wp-content\/uploads\/2023\/11\/PXL_20230121_070720668-576x1024.jpg"},{"@type":"BreadcrumbList","@id":"https:\/\/www.jhermann.digital\/index.php\/projekte\/maker-projekte\/#breadcrumb","itemListElement":[{"@type":"ListItem","position":1,"name":"Startseite","item":"https:\/\/www.jhermann.digital\/"},{"@type":"ListItem","position":2,"name":"Projekte","item":"https:\/\/www.jhermann.digital\/index.php\/projekte\/"},{"@type":"ListItem","position":3,"name":"Maker Projekte"}]},{"@type":"WebSite","@id":"https:\/\/www.jhermann.digital\/#website","url":"https:\/\/www.jhermann.digital\/","name":"Jannis Hermann","description":"Digital Sandbox","potentialAction":[{"@type":"SearchAction","target":{"@type":"EntryPoint","urlTemplate":"https:\/\/www.jhermann.digital\/?s={search_term_string}"},"query-input":{"@type":"PropertyValueSpecification","valueRequired":true,"valueName":"search_term_string"}}],"inLanguage":"de"}]}},"_links":{"self":[{"href":"https:\/\/www.jhermann.digital\/index.php\/wp-json\/wp\/v2\/pages\/236","targetHints":{"allow":["GET"]}}],"collection":[{"href":"https:\/\/www.jhermann.digital\/index.php\/wp-json\/wp\/v2\/pages"}],"about":[{"href":"https:\/\/www.jhermann.digital\/index.php\/wp-json\/wp\/v2\/types\/page"}],"author":[{"embeddable":true,"href":"https:\/\/www.jhermann.digital\/index.php\/wp-json\/wp\/v2\/users\/1"}],"replies":[{"embeddable":true,"href":"https:\/\/www.jhermann.digital\/index.php\/wp-json\/wp\/v2\/comments?post=236"}],"version-history":[{"count":13,"href":"https:\/\/www.jhermann.digital\/index.php\/wp-json\/wp\/v2\/pages\/236\/revisions"}],"predecessor-version":[{"id":652,"href":"https:\/\/www.jhermann.digital\/index.php\/wp-json\/wp\/v2\/pages\/236\/revisions\/652"}],"up":[{"embeddable":true,"href":"https:\/\/www.jhermann.digital\/index.php\/wp-json\/wp\/v2\/pages\/120"}],"wp:attachment":[{"href":"https:\/\/www.jhermann.digital\/index.php\/wp-json\/wp\/v2\/media?parent=236"}],"curies":[{"name":"wp","href":"https:\/\/api.w.org\/{rel}","templated":true}]}}