{"id":149,"date":"2023-10-14T13:43:45","date_gmt":"2023-10-14T11:43:45","guid":{"rendered":"https:\/\/www.jhermann.digital\/?page_id=149"},"modified":"2025-12-22T13:09:14","modified_gmt":"2025-12-22T12:09:14","slug":"medienpaedagogik-und-medienbildung","status":"publish","type":"page","link":"https:\/\/www.jhermann.digital\/index.php\/projekte\/medienpaedagogik-und-medienbildung\/","title":{"rendered":"Medienp\u00e4dagogik und Medienbildung"},"content":{"rendered":"\n<blockquote class=\"wp-block-quote is-layout-flow wp-block-quote-is-layout-flow\">\n<p><b><i>Zwischen<\/i><\/b><strong><em> Codes und <\/em><\/strong><em>Klischees<\/em> &#8211; Bilder Gestalten mit KI<\/p>\n<cite>In diesem praktischen orientierten Konzept eines Projekttages haben Viktoria Magnucki und ich gemeinsam mit Schulklassen der 9. Stufe zu den Themen k\u00fcnstliche Intelligenz, Bildgenerierung und Voreingenommenheiten gearbeitet. Die Sch\u00fcler:innen haben selbst Bilder generiert, haben in Gruppen versucht ihre Mitsch\u00fcler:innen zu t\u00e4uschen und haben eigene Bilder manipuliert. Dabei haben wir kritisch diskutiert, inwieweit KI-Modelle bestimmte Voreingenommenheiten reproduzieren und verst\u00e4rken. Die Sch\u00fcler:innen hatten die M\u00f6glichkeit, diese Aspekte selbst praktisch zu erproben und ein Verst\u00e4ndnis daf\u00fcr zu entwickeln, dass KI-Modelle nicht neutral sind und mitunter problematische Biases beinhalten.<\/cite><\/blockquote>\n\n\n\n<blockquote class=\"wp-block-quote is-layout-flow wp-block-quote-is-layout-flow\">\n<p><strong><em>Interdisziplin\u00e4rer Game Jam &#8211; OTTOS GAME JAM<\/em><\/strong><\/p>\n<cite>Im Rahmen eines interdisziplin\u00e4ren Projekts im Masterstudium (Seminar: Projektmanagement und Teamentwicklung) habe ich gemeinsam mit Studierenden der Informatik einen digitalen Game Jam konzipiert und umgesetzt. \u00dcber eine Zeit von 48-Stunden haben vor allem Studierende der Otto-von-Guericke-Universit\u00e4t Magdeburg sowie weitere externe Teilnehmende, angeleitet durch niederschwellige Workshops zu Programmierung, Grafik, Sounddesign und Co., eigene Computerspiele realisiert. Organisiert wurde die Veranstaltung mithilfe eines Discord-Kanals sowie eines Livestreams, der den Gro\u00dfteil der Zeit den Prozess dokumentierte (<a href=\"https:\/\/www.youtube.com\/watch?v=G0BsKMHI9j4\" target=\"_blank\" rel=\"noreferrer noopener\">Aftermovie auf YouTube<\/a>).<\/cite><\/blockquote>\n\n\n\n<blockquote class=\"wp-block-quote is-layout-flow wp-block-quote-is-layout-flow\">\n<p><em><strong>Interaktiver Kurzfilm <\/strong><\/em><\/p>\n<cite>Im Rahmen einer Projektwoche haben Sch\u00fcler:innen der vierten Klasse einer Grundschule einen interaktiven Kurzfilm zum Thema Mobbing konzipiert und umgesetzt. Dazu haben sie sich in medienp\u00e4dagogischer Begleitung ganz grundlegend mit dem Thema und ihren Erfahrungen damit im Schulalltag auseinandergesetzt. Gemeinsam wurden Ideen entwickelt, ein Drehbuch geschrieben sowie ein Storyboard erstellt. \u00dcber den Verlauf der Projektwoche wurden dann die einzelnen Sequenzen, die am Ende einen Entscheidungsbaum f\u00fcr den Kurzfilm ergaben, gedreht und geschnitten. Am Ende wurde das Endprodukt gemeinsam ausprobiert und es wurde eine Reflexion des Prozesses vorgenommen, den die Sch\u00fcler:innen in dieser Woche durchlaufen sind.<\/cite><\/blockquote>\n\n\n\n<blockquote class=\"wp-block-quote is-layout-flow wp-block-quote-is-layout-flow\">\n<p><em><strong>Maker Escape Box<\/strong><\/em><\/p>\n<cite>Im Rahmen der <a href=\"https:\/\/mw.mebi.ovgu.de\/archiv\/medienwochen-2019\/\" target=\"_blank\" rel=\"noreferrer noopener\">Magdeburger Medienwochen im Jahr 2019<\/a> wurde gemeinsam mit Sch\u00fcler:innen der 8. Klasse einer Realschule ein Escape Spiel konzipiert und umgesetzt. Ziel war es, dass die Studierenden eine Box mit unterschiedlichen F\u00e4chern und Schl\u00f6ssern mit R\u00e4tseln best\u00fccken, sich eine Geschichte ausdenken und in diesem Zusammenhang verschiedene Technologien und M\u00f6glichkeiten kennenlernen, eine Escape Box zu bauen. Dabei befassen sie sich unter anderem mit Calliope Einplatinencomputern, Nintendo Labo sowie anderen analogen R\u00e4steln, die unter die Zuhilfenahme digitaler Tools erstellt wurden. Nach der Projektwoche stand ein erster Prototyp f\u00fcr eine Maker Escape Box, die sich innerhalb von 30-60 Minuten l\u00f6sen lies und in der Pr\u00e4sentation im Gesellschaftshaus Magdeburg gro\u00dfen Anklang fand.<\/cite><\/blockquote>\n\n\n\n<blockquote class=\"wp-block-quote is-layout-flow wp-block-quote-is-layout-flow\">\n<p><strong><em>Videoexpo 2018\/2019<\/em><\/strong><\/p>\n<cite>Mitarbeit beim Filmfestival <a href=\"https:\/\/www.videoexpo.de\" target=\"_blank\" rel=\"noreferrer noopener\">Videoexpo<\/a> f\u00fcr Studierende der Bachelor Studieng\u00e4nge Medienbildung, Lehramt, Germanistik, Computervisualistik und Bildungswissenschaften an der Otto-von-Guericke-Universit\u00e4t durch die Erstellung von Making-of Filmen und Unterst\u00fctzung bei der Kurzfilmvorf\u00fchrung im Opernhaus Magdeburg.<\/cite><\/blockquote>\n","protected":false},"excerpt":{"rendered":"<p>Zwischen Codes und Klischees &#8211; Bilder Gestalten mit KI In diesem praktischen orientierten Konzept eines Projekttages haben Viktoria Magnucki und ich gemeinsam mit Schulklassen der 9. Stufe zu den Themen k\u00fcnstliche Intelligenz, Bildgenerierung und Voreingenommenheiten gearbeitet. Die Sch\u00fcler:innen haben selbst Bilder generiert, haben in Gruppen versucht ihre Mitsch\u00fcler:innen zu t\u00e4uschen und haben eigene Bilder manipuliert. [&hellip;]<\/p>\n","protected":false},"author":1,"featured_media":0,"parent":120,"menu_order":0,"comment_status":"closed","ping_status":"closed","template":"","meta":{"_coblocks_attr":"","_coblocks_dimensions":"","_coblocks_responsive_height":"","_coblocks_accordion_ie_support":"","footnotes":""},"class_list":["post-149","page","type-page","status-publish","hentry"],"yoast_head":"<!-- This site is optimized with the Yoast SEO plugin v26.1.1 - https:\/\/yoast.com\/wordpress\/plugins\/seo\/ -->\n<title>Medienp\u00e4dagogik und Medienbildung - Jannis Hermann<\/title>\n<meta name=\"robots\" content=\"index, follow, max-snippet:-1, max-image-preview:large, max-video-preview:-1\" \/>\n<link rel=\"canonical\" href=\"https:\/\/www.jhermann.digital\/index.php\/projekte\/medienpaedagogik-und-medienbildung\/\" \/>\n<meta property=\"og:locale\" content=\"de_DE\" \/>\n<meta property=\"og:type\" content=\"article\" \/>\n<meta property=\"og:title\" content=\"Medienp\u00e4dagogik und Medienbildung - Jannis Hermann\" \/>\n<meta property=\"og:description\" content=\"Zwischen Codes und Klischees &#8211; Bilder Gestalten mit KI In diesem praktischen orientierten Konzept eines Projekttages haben Viktoria Magnucki und ich gemeinsam mit Schulklassen der 9. Stufe zu den Themen k\u00fcnstliche Intelligenz, Bildgenerierung und Voreingenommenheiten gearbeitet. Die Sch\u00fcler:innen haben selbst Bilder generiert, haben in Gruppen versucht ihre Mitsch\u00fcler:innen zu t\u00e4uschen und haben eigene Bilder manipuliert. [&hellip;]\" \/>\n<meta property=\"og:url\" content=\"https:\/\/www.jhermann.digital\/index.php\/projekte\/medienpaedagogik-und-medienbildung\/\" \/>\n<meta property=\"og:site_name\" content=\"Jannis Hermann\" \/>\n<meta property=\"article:modified_time\" content=\"2025-12-22T12:09:14+00:00\" \/>\n<meta name=\"twitter:card\" content=\"summary_large_image\" \/>\n<script type=\"application\/ld+json\" class=\"yoast-schema-graph\">{\"@context\":\"https:\/\/schema.org\",\"@graph\":[{\"@type\":\"WebPage\",\"@id\":\"https:\/\/www.jhermann.digital\/index.php\/projekte\/medienpaedagogik-und-medienbildung\/\",\"url\":\"https:\/\/www.jhermann.digital\/index.php\/projekte\/medienpaedagogik-und-medienbildung\/\",\"name\":\"Medienp\u00e4dagogik und Medienbildung - Jannis Hermann\",\"isPartOf\":{\"@id\":\"https:\/\/www.jhermann.digital\/#website\"},\"datePublished\":\"2023-10-14T11:43:45+00:00\",\"dateModified\":\"2025-12-22T12:09:14+00:00\",\"breadcrumb\":{\"@id\":\"https:\/\/www.jhermann.digital\/index.php\/projekte\/medienpaedagogik-und-medienbildung\/#breadcrumb\"},\"inLanguage\":\"de\",\"potentialAction\":[{\"@type\":\"ReadAction\",\"target\":[\"https:\/\/www.jhermann.digital\/index.php\/projekte\/medienpaedagogik-und-medienbildung\/\"]}]},{\"@type\":\"BreadcrumbList\",\"@id\":\"https:\/\/www.jhermann.digital\/index.php\/projekte\/medienpaedagogik-und-medienbildung\/#breadcrumb\",\"itemListElement\":[{\"@type\":\"ListItem\",\"position\":1,\"name\":\"Startseite\",\"item\":\"https:\/\/www.jhermann.digital\/\"},{\"@type\":\"ListItem\",\"position\":2,\"name\":\"Projekte\",\"item\":\"https:\/\/www.jhermann.digital\/index.php\/projekte\/\"},{\"@type\":\"ListItem\",\"position\":3,\"name\":\"Medienp\u00e4dagogik und Medienbildung\"}]},{\"@type\":\"WebSite\",\"@id\":\"https:\/\/www.jhermann.digital\/#website\",\"url\":\"https:\/\/www.jhermann.digital\/\",\"name\":\"Jannis Hermann\",\"description\":\"Digital Sandbox\",\"potentialAction\":[{\"@type\":\"SearchAction\",\"target\":{\"@type\":\"EntryPoint\",\"urlTemplate\":\"https:\/\/www.jhermann.digital\/?s={search_term_string}\"},\"query-input\":{\"@type\":\"PropertyValueSpecification\",\"valueRequired\":true,\"valueName\":\"search_term_string\"}}],\"inLanguage\":\"de\"}]}<\/script>\n<!-- \/ Yoast SEO plugin. -->","yoast_head_json":{"title":"Medienp\u00e4dagogik und Medienbildung - Jannis Hermann","robots":{"index":"index","follow":"follow","max-snippet":"max-snippet:-1","max-image-preview":"max-image-preview:large","max-video-preview":"max-video-preview:-1"},"canonical":"https:\/\/www.jhermann.digital\/index.php\/projekte\/medienpaedagogik-und-medienbildung\/","og_locale":"de_DE","og_type":"article","og_title":"Medienp\u00e4dagogik und Medienbildung - Jannis Hermann","og_description":"Zwischen Codes und Klischees &#8211; Bilder Gestalten mit KI In diesem praktischen orientierten Konzept eines Projekttages haben Viktoria Magnucki und ich gemeinsam mit Schulklassen der 9. Stufe zu den Themen k\u00fcnstliche Intelligenz, Bildgenerierung und Voreingenommenheiten gearbeitet. Die Sch\u00fcler:innen haben selbst Bilder generiert, haben in Gruppen versucht ihre Mitsch\u00fcler:innen zu t\u00e4uschen und haben eigene Bilder manipuliert. [&hellip;]","og_url":"https:\/\/www.jhermann.digital\/index.php\/projekte\/medienpaedagogik-und-medienbildung\/","og_site_name":"Jannis Hermann","article_modified_time":"2025-12-22T12:09:14+00:00","twitter_card":"summary_large_image","schema":{"@context":"https:\/\/schema.org","@graph":[{"@type":"WebPage","@id":"https:\/\/www.jhermann.digital\/index.php\/projekte\/medienpaedagogik-und-medienbildung\/","url":"https:\/\/www.jhermann.digital\/index.php\/projekte\/medienpaedagogik-und-medienbildung\/","name":"Medienp\u00e4dagogik und Medienbildung - Jannis Hermann","isPartOf":{"@id":"https:\/\/www.jhermann.digital\/#website"},"datePublished":"2023-10-14T11:43:45+00:00","dateModified":"2025-12-22T12:09:14+00:00","breadcrumb":{"@id":"https:\/\/www.jhermann.digital\/index.php\/projekte\/medienpaedagogik-und-medienbildung\/#breadcrumb"},"inLanguage":"de","potentialAction":[{"@type":"ReadAction","target":["https:\/\/www.jhermann.digital\/index.php\/projekte\/medienpaedagogik-und-medienbildung\/"]}]},{"@type":"BreadcrumbList","@id":"https:\/\/www.jhermann.digital\/index.php\/projekte\/medienpaedagogik-und-medienbildung\/#breadcrumb","itemListElement":[{"@type":"ListItem","position":1,"name":"Startseite","item":"https:\/\/www.jhermann.digital\/"},{"@type":"ListItem","position":2,"name":"Projekte","item":"https:\/\/www.jhermann.digital\/index.php\/projekte\/"},{"@type":"ListItem","position":3,"name":"Medienp\u00e4dagogik und Medienbildung"}]},{"@type":"WebSite","@id":"https:\/\/www.jhermann.digital\/#website","url":"https:\/\/www.jhermann.digital\/","name":"Jannis Hermann","description":"Digital Sandbox","potentialAction":[{"@type":"SearchAction","target":{"@type":"EntryPoint","urlTemplate":"https:\/\/www.jhermann.digital\/?s={search_term_string}"},"query-input":{"@type":"PropertyValueSpecification","valueRequired":true,"valueName":"search_term_string"}}],"inLanguage":"de"}]}},"_links":{"self":[{"href":"https:\/\/www.jhermann.digital\/index.php\/wp-json\/wp\/v2\/pages\/149","targetHints":{"allow":["GET"]}}],"collection":[{"href":"https:\/\/www.jhermann.digital\/index.php\/wp-json\/wp\/v2\/pages"}],"about":[{"href":"https:\/\/www.jhermann.digital\/index.php\/wp-json\/wp\/v2\/types\/page"}],"author":[{"embeddable":true,"href":"https:\/\/www.jhermann.digital\/index.php\/wp-json\/wp\/v2\/users\/1"}],"replies":[{"embeddable":true,"href":"https:\/\/www.jhermann.digital\/index.php\/wp-json\/wp\/v2\/comments?post=149"}],"version-history":[{"count":11,"href":"https:\/\/www.jhermann.digital\/index.php\/wp-json\/wp\/v2\/pages\/149\/revisions"}],"predecessor-version":[{"id":874,"href":"https:\/\/www.jhermann.digital\/index.php\/wp-json\/wp\/v2\/pages\/149\/revisions\/874"}],"up":[{"embeddable":true,"href":"https:\/\/www.jhermann.digital\/index.php\/wp-json\/wp\/v2\/pages\/120"}],"wp:attachment":[{"href":"https:\/\/www.jhermann.digital\/index.php\/wp-json\/wp\/v2\/media?parent=149"}],"curies":[{"name":"wp","href":"https:\/\/api.w.org\/{rel}","templated":true}]}}